{"id":4015,"date":"2025-12-26T23:04:50","date_gmt":"2025-12-26T23:04:50","guid":{"rendered":"https:\/\/midlandfds.com\/?page_id=4015"},"modified":"2026-01-02T02:45:54","modified_gmt":"2026-01-02T02:45:54","slug":"customer-form","status":"publish","type":"page","link":"https:\/\/midlandfds.com\/es\/customer-form\/","title":{"rendered":"Formulario para Clientes"},"content":{"rendered":"<div data-elementor-type=\"wp-page\" data-elementor-id=\"4015\" class=\"elementor elementor-4015\">\n\t\t\t\t<div class=\"elementor-element elementor-element-9848c12 e-flex e-con-boxed e-con e-parent\" data-id=\"9848c12\" data-element_type=\"container\">\n\t\t\t\t\t<div class=\"e-con-inner\">\n\t\t\t\t<div class=\"elementor-element elementor-element-6a15026 elementor-invisible elementor-widget elementor-widget-image\" data-id=\"6a15026\" data-element_type=\"widget\" data-settings=\"{&quot;_animation&quot;:&quot;fadeInDown&quot;}\" data-widget_type=\"image.default\">\n\t\t\t\t\t\t\t\t\t\t\t\t\t\t\t<img fetchpriority=\"high\" decoding=\"async\" width=\"300\" height=\"253\" src=\"https:\/\/midlandfds.com\/wp-content\/uploads\/2025\/12\/Midland-Food_Logo-01-e1766802934515-300x253.png\" class=\"attachment-medium size-medium wp-image-4090\" alt=\"\" srcset=\"https:\/\/midlandfds.com\/wp-content\/uploads\/2025\/12\/Midland-Food_Logo-01-e1766802934515-300x253.png 300w, https:\/\/midlandfds.com\/wp-content\/uploads\/2025\/12\/Midland-Food_Logo-01-e1766802934515-600x505.png 600w\" sizes=\"(max-width: 300px) 100vw, 300px\" \/>\t\t\t\t\t\t\t\t\t\t\t\t\t\t\t<\/div>\n\t\t\t\t<div class=\"elementor-element elementor-element-0fb7bc9 elementor-widget__width-inherit elementor-widget-tablet__width-inherit elementor-widget-mobile__width-inherit elementor-invisible elementor-widget elementor-widget-elementskit-heading\" data-id=\"0fb7bc9\" data-element_type=\"widget\" data-settings=\"{&quot;_animation&quot;:&quot;fadeInLeft&quot;}\" data-widget_type=\"elementskit-heading.default\">\n\t\t\t\t\t<div class=\"ekit-wid-con\" ><div class=\"ekit-heading elementskit-section-title-wraper text_center   ekit_heading_tablet-   ekit_heading_mobile-\"><h2 class=\"ekit-heading--title elementskit-section-title\">Midland Foods <span>Hazte cliente<\/span> <\/h2><h3 class=\"ekit-heading--subtitle elementskit-section-subtitle\">\n\t\t\t\t\t\tApoyamos tu \u00e9xito, hoy y todos los d\u00edas.\n\t\t\t\t\t<\/h3>\t\t\t\t<div class='ekit-heading__description'>\n\t\t\t\t\t<div class=\"zw-paragraph\">\n<div class=\"zw-line-div\">\n<div>Nos entusiasma colaborar con empresas que valoran la calidad, la consistencia y un suministro confiable. Para iniciar el proceso, completa el formulario de solicitud a continuaci\u00f3n y carga los documentos requeridos. Nuestro equipo revisar\u00e1 tu informaci\u00f3n y se comunicar\u00e1 contigo a la brevedad.<\/div>\n<\/div>\n<\/div>\n<div class=\"zw-paragraph\">\n<div class=\"zw-line-div\">\n<div class=\"zw-line-content\"><span class=\"EOP-readonly EOP\">\u00a0<\/span><\/div>\n<\/div>\n<\/div>\n\t\t\t\t<\/div>\n\t\t\t<\/div><\/div>\t\t\t\t<\/div>\n\t\t\t\t\t<\/div>\n\t\t\t\t<\/div>\n\t\t<div class=\"elementor-element elementor-element-21dad73 e-flex e-con-boxed e-con e-parent\" data-id=\"21dad73\" data-element_type=\"container\">\n\t\t\t\t\t<div class=\"e-con-inner\">\n\t\t\t\t<div class=\"elementor-element elementor-element-7f200a7 ekit-equal-height-disable elementor-widget elementor-widget-elementskit-icon-box\" data-id=\"7f200a7\" data-element_type=\"widget\" data-widget_type=\"elementskit-icon-box.default\">\n\t\t\t\t\t<div class=\"ekit-wid-con\" >        <!-- link opening -->\n                <a href=\"#\" class=\"ekit_global_links\">\n                <!-- end link opening -->\n\n        <div class=\"elementskit-infobox text-center text- icon-lef-right-aligin elementor-animation-\">\n                        <div class=\"box-body\">\n                            <h3 class=\"elementskit-info-box-title\">\n                    Sencillo Proceso de Solicitud                 <\/h3>\n                        \t\t  \t<p>Descarga el formulario desde el bot\u00f3n, compl\u00e9talo y sube tus documentos junto con el W-9; nosotros nos encargaremos del resto.<\/p>\n                                <\/div>\n        \n        \n                <\/div>\n                <\/a>\n        <\/div>\t\t\t\t<\/div>\n\t\t\t\t\t<\/div>\n\t\t\t\t<\/div>\n\t\t<div class=\"elementor-element elementor-element-144f698 e-flex e-con-boxed e-con e-parent\" data-id=\"144f698\" data-element_type=\"container\">\n\t\t\t\t\t<div class=\"e-con-inner\">\n\t\t\t\t<div class=\"elementor-element elementor-element-87c8f43 elementor-align-center elementor-widget elementor-widget-elementskit-button\" data-id=\"87c8f43\" data-element_type=\"widget\" data-widget_type=\"elementskit-button.default\">\n\t\t\t\t\t<div class=\"ekit-wid-con\" >\t\t<div class=\"ekit-btn-wraper\">\n\t\t\t\t\t\t\t<a href=\"https:\/\/midlandfds.com\/wp-content\/uploads\/2025\/12\/Midland-Bilingual-Credit-Ap.pdf\" target=\"_blank\" class=\"elementskit-btn  whitespace--normal\" id=\"\">\n\t\t\t\t\tDescargar Formulario\t\t\t\t<\/a>\n\t\t\t\t\t<\/div>\n        <\/div>\t\t\t\t<\/div>\n\t\t\t\t\t<\/div>\n\t\t\t\t<\/div>\n\t\t<div class=\"elementor-element elementor-element-2453e39 e-flex e-con-boxed e-con e-parent\" data-id=\"2453e39\" data-element_type=\"container\">\n\t\t\t\t\t<div class=\"e-con-inner\">\n\t\t\t\t<div class=\"elementor-element elementor-element-6bd4790 ekit-equal-height-disable elementor-widget elementor-widget-elementskit-icon-box\" data-id=\"6bd4790\" data-element_type=\"widget\" data-widget_type=\"elementskit-icon-box.default\">\n\t\t\t\t\t<div class=\"ekit-wid-con\" >        <!-- link opening -->\n                <a href=\"#\" class=\"ekit_global_links\">\n                <!-- end link opening -->\n\n        <div class=\"elementskit-infobox text-center text- icon-lef-right-aligin elementor-animation-\">\n                        <div class=\"box-body\">\n                            <h3 class=\"elementskit-info-box-title\">\n                    Llenar Formulario                  <\/h3>\n                                            <\/div>\n        \n        \n                <\/div>\n                <\/a>\n        <\/div>\t\t\t\t<\/div>\n\t\t\t\t\t<\/div>\n\t\t\t\t<\/div>\n\t\t\t\t<section class=\"elementor-section elementor-top-section elementor-element elementor-element-b0b5b87 elementor-section-boxed elementor-section-height-default elementor-section-height-default\" data-id=\"b0b5b87\" data-element_type=\"section\">\n\t\t\t\t\t\t<div class=\"elementor-container elementor-column-gap-default\">\n\t\t\t\t\t<div class=\"elementor-column elementor-col-100 elementor-top-column elementor-element elementor-element-b73b67c\" data-id=\"b73b67c\" data-element_type=\"column\">\n\t\t\t<div class=\"elementor-widget-wrap elementor-element-populated\">\n\t\t\t\t\t\t<div class=\"elementor-element elementor-element-8c89971 elementor-invisible elementor-widget elementor-widget-cz_contact_form_7\" data-id=\"8c89971\" data-element_type=\"widget\" data-settings=\"{&quot;_animation&quot;:&quot;fadeInRight&quot;}\" data-widget_type=\"cz_contact_form_7.default\">\n\t\t\t\t<div class=\"elementor-widget-container\">\n\t\t\t\t\t\t\t<div class=\"cz_cf7 clr\">\r\n\t\t\t<div>\n<div class=\"wpcf7 no-js\" id=\"wpcf7-f4014-o1\" lang=\"en-US\" dir=\"ltr\" data-wpcf7-id=\"4014\">\n<div class=\"screen-reader-response\"><p role=\"status\" aria-live=\"polite\" aria-atomic=\"true\"><\/p> <ul><\/ul><\/div>\n<form action=\"\/es\/wp-json\/wp\/v2\/pages\/4015#wpcf7-f4014-o1\" method=\"post\" class=\"wpcf7-form init\" aria-label=\"Contact form\" enctype=\"multipart\/form-data\" novalidate=\"novalidate\" data-status=\"init\" data-trp-original-action=\"\/es\/wp-json\/wp\/v2\/pages\/4015#wpcf7-f4014-o1\">\n<fieldset class=\"hidden-fields-container\"><input type=\"hidden\" name=\"_wpcf7\" value=\"4014\" \/><input type=\"hidden\" name=\"_wpcf7_version\" value=\"6.1.4\" \/><input type=\"hidden\" name=\"_wpcf7_locale\" value=\"en_US\" \/><input type=\"hidden\" name=\"_wpcf7_unit_tag\" value=\"wpcf7-f4014-o1\" \/><input type=\"hidden\" name=\"_wpcf7_container_post\" value=\"0\" \/><input type=\"hidden\" name=\"_wpcf7_posted_data_hash\" value=\"\" \/>\n<\/fieldset>\n<style type=\"text\/css\">.ddeebc { position: absolute !important; left: -9999vw !important; }<\/style><div id=\"\" class=\"ddeebc\"><label for=\"website-ddeebc\">Website<\/label><input type=\"url\" name=\"website\" value=\"\" autocomplete=\"disable\" tabindex=\"-1\" id=\"website-ddeebc\"  \/><label for=\"firstname-ddeebc\">First Name<\/label><input type=\"text\" name=\"firstname\" value=\"\" autocomplete=\"disable\" tabindex=\"-1\" id=\"firstname-ddeebc\"  \/><label for=\"lastname-ddeebc\">Last Name<\/label><input type=\"text\" name=\"lastname\" value=\"\" autocomplete=\"disable\" tabindex=\"-1\" id=\"lastname-ddeebc\"  \/><label for=\"email-ddeebc\">Correo<\/label><input type=\"email\" name=\"email\" value=\"\" autocomplete=\"disable\" tabindex=\"-1\" id=\"email-ddeebc\"  \/><label for=\"7d513d71961668e6391e957b4692c2-ddeebc\">Midland Foods<\/label><input type=\"text\" name=\"7d513d71961668e6391e957b4692c2\" value=\"\" autocomplete=\"disable\" tabindex=\"-1\" id=\"7d513d71961668e6391e957b4692c2-ddeebc\"  \/><\/div><p><span class=\"wpcf7-form-control-wrap\" data-name=\"your-name\"><input size=\"40\" maxlength=\"400\" class=\"wpcf7-form-control wpcf7-text wpcf7-validates-as-required\" aria-required=\"true\" aria-invalid=\"false\" placeholder=\"Nombre Negocio\" value=\"\" type=\"text\" name=\"your-name\" \/><\/span>\n<\/p>\n<p><span class=\"wpcf7-form-control-wrap\" data-name=\"your-email\"><input size=\"40\" maxlength=\"400\" class=\"wpcf7-form-control wpcf7-email wpcf7-validates-as-required wpcf7-text wpcf7-validates-as-email\" aria-required=\"true\" aria-invalid=\"false\" placeholder=\"Correo\" value=\"\" type=\"email\" name=\"your-email\" \/><\/span>\n<\/p>\n<p><span class=\"wpcf7-form-control-wrap\" data-name=\"your-phone\"><input size=\"40\" maxlength=\"400\" class=\"wpcf7-form-control wpcf7-tel wpcf7-validates-as-required wpcf7-text wpcf7-validates-as-tel\" aria-required=\"true\" aria-invalid=\"false\" placeholder=\"Tel\u00e9fono\" value=\"\" type=\"tel\" name=\"your-phone\" \/><\/span>\n<\/p>\n<p><span class=\"wpcf7-form-control-wrap\" data-name=\"your-contact\"><input size=\"40\" maxlength=\"400\" class=\"wpcf7-form-control wpcf7-text\" aria-invalid=\"false\" placeholder=\"Nombre\" value=\"\" type=\"text\" name=\"your-contact\" \/><\/span>\n<\/p>\n<p><span class=\"wpcf7-form-control-wrap\" data-name=\"upload-forms\"><input size=\"40\" class=\"wpcf7-form-control wpcf7-file wpcf7-validates-as-required\" accept=\".pdf,.doc,.docx\" aria-required=\"true\" aria-invalid=\"false\" type=\"file\" name=\"upload-forms\" \/><\/span>\n<\/p>\n<p><span class=\"wpcf7-form-control-wrap\" data-name=\"upload-w9\"><input size=\"40\" class=\"wpcf7-form-control wpcf7-file wpcf7-validates-as-required\" accept=\".pdf,.doc,.docx\" aria-required=\"true\" aria-invalid=\"false\" type=\"file\" name=\"upload-w9\" \/><\/span>\n<\/p>\n<p style=\"display:flex; justify-content:center;\"><input class=\"wpcf7-form-control wpcf7-submit has-spinner\" type=\"submit\" value=\"Enviar\" \/>\n<\/p><div class=\"wpcf7-response-output\" aria-hidden=\"true\"><\/div>\n<input type=\"hidden\" name=\"trp-form-language\" value=\"es\"\/><\/form>\n<\/div>\n<\/div>\r\n\t\t<\/div>\r\n\t\t\t\t\t\t<\/div>\n\t\t\t\t<\/div>\n\t\t\t\t\t<\/div>\n\t\t<\/div>\n\t\t\t\t\t<\/div>\n\t\t<\/section>\n\t\t\t\t<\/div>","protected":false},"excerpt":{"rendered":"<p>Become a Midland Foods Customer We support your success \u2014 today &#8230; <\/p>","protected":false},"author":1,"featured_media":0,"parent":0,"menu_order":0,"comment_status":"closed","ping_status":"closed","template":"","meta":{"footnotes":""},"class_list":["post-4015","page","type-page","status-publish","hentry"],"_links":{"self":[{"href":"https:\/\/midlandfds.com\/es\/wp-json\/wp\/v2\/pages\/4015","targetHints":{"allow":["GET"]}}],"collection":[{"href":"https:\/\/midlandfds.com\/es\/wp-json\/wp\/v2\/pages"}],"about":[{"href":"https:\/\/midlandfds.com\/es\/wp-json\/wp\/v2\/types\/page"}],"author":[{"embeddable":true,"href":"https:\/\/midlandfds.com\/es\/wp-json\/wp\/v2\/users\/1"}],"replies":[{"embeddable":true,"href":"https:\/\/midlandfds.com\/es\/wp-json\/wp\/v2\/comments?post=4015"}],"version-history":[{"count":28,"href":"https:\/\/midlandfds.com\/es\/wp-json\/wp\/v2\/pages\/4015\/revisions"}],"predecessor-version":[{"id":4411,"href":"https:\/\/midlandfds.com\/es\/wp-json\/wp\/v2\/pages\/4015\/revisions\/4411"}],"wp:attachment":[{"href":"https:\/\/midlandfds.com\/es\/wp-json\/wp\/v2\/media?parent=4015"}],"curies":[{"name":"wp","href":"https:\/\/api.w.org\/{rel}","templated":true}]}}